{"id":119,"date":"2023-04-27T13:59:45","date_gmt":"2023-04-27T13:59:45","guid":{"rendered":"http:\/\/localhost\/AS\/?page_id=119"},"modified":"2023-09-21T09:43:51","modified_gmt":"2023-09-21T09:43:51","slug":"recherche","status":"publish","type":"page","link":"https:\/\/lasstatistique.com\/?page_id=119","title":{"rendered":"Articles"},"content":{"rendered":"\n\n<div class=\"su-posts su-posts-default-loop \">\n\n\t\n\t\t\t\t\t\n\t\t\t\n\t\t\t<div id=\"su-post-1129\" class=\"su-post \">\n\n\t\t\t\t\t\t\t\t\t<a class=\"su-post-thumbnail\" href=\"https:\/\/lasstatistique.com\/?p=1129\"><img loading=\"lazy\" decoding=\"async\" width=\"772\" height=\"1000\" src=\"https:\/\/lasstatistique.com\/wp-content\/uploads\/2025\/07\/IMG-20250703-WA0005-2.jpg\" class=\"attachment-post-thumbnail size-post-thumbnail wp-post-image\" alt=\"\" srcset=\"https:\/\/lasstatistique.com\/wp-content\/uploads\/2025\/07\/IMG-20250703-WA0005-2.jpg 772w, https:\/\/lasstatistique.com\/wp-content\/uploads\/2025\/07\/IMG-20250703-WA0005-2-232x300.jpg 232w, https:\/\/lasstatistique.com\/wp-content\/uploads\/2025\/07\/IMG-20250703-WA0005-2-768x995.jpg 768w\" sizes=\"auto, (max-width: 772px) 100vw, 772px\" \/><\/a>\n\t\t\t\t\n\t\t\t\t<h2 class=\"su-post-title\"><a href=\"https:\/\/lasstatistique.com\/?p=1129\">Parcours de Fansa Kon\u00e9, Ph. D.<\/a><\/h2>\n\n\t\t\t\t<div class=\"su-post-meta\">\n\t\t\t\t\tPubli\u00e9: juillet 3, 2025\t\t\t\t<\/div>\n\n\t\t\t\t<div class=\"su-post-excerpt\">\n\t\t\t\t\t<p>Un parcours acad\u00e9mique d&rsquo;exception N\u00e9 en C\u00f4te d&rsquo;Ivoire, Fansa Kon\u00e9 a trac\u00e9 sa voie avec une d\u00e9termination sans faille. Apr\u00e8s<\/p>\n\t\t\t\t<\/div>\n\n\t\t\t\t\t\t\t\t\t<a href=\"https:\/\/lasstatistique.com\/?p=1129#respond\" class=\"su-post-comments-link\">0 commentaire<\/a>\n\t\t\t\t\n\t\t\t<\/div>\n\n\t\t\t\t\t\n\t\t\t\n\t\t\t<div id=\"su-post-477\" class=\"su-post \">\n\n\t\t\t\t\t\t\t\t\t<a class=\"su-post-thumbnail\" href=\"https:\/\/lasstatistique.com\/?p=477\"><img loading=\"lazy\" decoding=\"async\" width=\"1414\" height=\"1999\" src=\"https:\/\/lasstatistique.com\/wp-content\/uploads\/2023\/05\/LAS_presentation.png\" class=\"attachment-post-thumbnail size-post-thumbnail wp-post-image\" alt=\"\" srcset=\"https:\/\/lasstatistique.com\/wp-content\/uploads\/2023\/05\/LAS_presentation.png 1414w, https:\/\/lasstatistique.com\/wp-content\/uploads\/2023\/05\/LAS_presentation-212x300.png 212w, https:\/\/lasstatistique.com\/wp-content\/uploads\/2023\/05\/LAS_presentation-724x1024.png 724w, https:\/\/lasstatistique.com\/wp-content\/uploads\/2023\/05\/LAS_presentation-768x1086.png 768w, https:\/\/lasstatistique.com\/wp-content\/uploads\/2023\/05\/LAS_presentation-1086x1536.png 1086w\" sizes=\"auto, (max-width: 1414px) 100vw, 1414px\" \/><\/a>\n\t\t\t\t\n\t\t\t\t<h2 class=\"su-post-title\"><a href=\"https:\/\/lasstatistique.com\/?p=477\">Pr\u00e9sentation de L&rsquo;AS Statistique<\/a><\/h2>\n\n\t\t\t\t<div class=\"su-post-meta\">\n\t\t\t\t\tPubli\u00e9: juin 1, 2023\t\t\t\t<\/div>\n\n\t\t\t\t<div class=\"su-post-excerpt\">\n\t\t\t\t\t<p>L&rsquo;AS Statistique est un Cabinet d&rsquo;Etudes et d&rsquo;Analyses Statistiques et Economiques. \u00c9tablie depuis 2 ans, nous avons travaill\u00e9 avec succ\u00e8s<\/p>\n\t\t\t\t<\/div>\n\n\t\t\t\t\t\t\t\t\t<a href=\"https:\/\/lasstatistique.com\/?p=477#respond\" class=\"su-post-comments-link\">0 commentaire<\/a>\n\t\t\t\t\n\t\t\t<\/div>\n\n\t\t\t\t\t\n\t\t\t\n\t\t\t<div id=\"su-post-488\" class=\"su-post \">\n\n\t\t\t\t\t\t\t\t\t<a class=\"su-post-thumbnail\" href=\"https:\/\/lasstatistique.com\/?p=488\"><img loading=\"lazy\" decoding=\"async\" width=\"940\" height=\"788\" src=\"https:\/\/lasstatistique.com\/wp-content\/uploads\/2023\/05\/adam-smith.png\" class=\"attachment-post-thumbnail size-post-thumbnail wp-post-image\" alt=\"Un homme d&#039;exception\" srcset=\"https:\/\/lasstatistique.com\/wp-content\/uploads\/2023\/05\/adam-smith.png 940w, https:\/\/lasstatistique.com\/wp-content\/uploads\/2023\/05\/adam-smith-300x251.png 300w, https:\/\/lasstatistique.com\/wp-content\/uploads\/2023\/05\/adam-smith-768x644.png 768w\" sizes=\"auto, (max-width: 940px) 100vw, 940px\" \/><\/a>\n\t\t\t\t\n\t\t\t\t<h2 class=\"su-post-title\"><a href=\"https:\/\/lasstatistique.com\/?p=488\">Adam Smith avait tort !<\/a><\/h2>\n\n\t\t\t\t<div class=\"su-post-meta\">\n\t\t\t\t\tPubli\u00e9: mai 20, 2023\t\t\t\t<\/div>\n\n\t\t\t\t<div class=\"su-post-excerpt\">\n\t\t\t\t\t<p>Vous vous rappelez peut-\u00eatre cette sc\u00e8ne du film \u00ab\u00a0Un homme d\u2019exception (A beautiful mind)\u00a0\u00bb\u00a0o\u00f9 Nash, prend un verre avec ses<\/p>\n\t\t\t\t<\/div>\n\n\t\t\t\t\t\t\t\t\t<a href=\"https:\/\/lasstatistique.com\/?p=488#respond\" class=\"su-post-comments-link\">0 commentaire<\/a>\n\t\t\t\t\n\t\t\t<\/div>\n\n\t\t\t\t\t\n\t\t\t\n\t\t\t<div id=\"su-post-485\" class=\"su-post \">\n\n\t\t\t\t\t\t\t\t\t<a class=\"su-post-thumbnail\" href=\"https:\/\/lasstatistique.com\/?p=485\"><img loading=\"lazy\" decoding=\"async\" width=\"940\" height=\"788\" src=\"https:\/\/lasstatistique.com\/wp-content\/uploads\/2023\/06\/DUNNING-KRUGER.png\" class=\"attachment-post-thumbnail size-post-thumbnail wp-post-image\" alt=\"\" srcset=\"https:\/\/lasstatistique.com\/wp-content\/uploads\/2023\/06\/DUNNING-KRUGER.png 940w, https:\/\/lasstatistique.com\/wp-content\/uploads\/2023\/06\/DUNNING-KRUGER-300x251.png 300w, https:\/\/lasstatistique.com\/wp-content\/uploads\/2023\/06\/DUNNING-KRUGER-768x644.png 768w\" sizes=\"auto, (max-width: 940px) 100vw, 940px\" \/><\/a>\n\t\t\t\t\n\t\t\t\t<h2 class=\"su-post-title\"><a href=\"https:\/\/lasstatistique.com\/?p=485\">\u00a0L\u2019effet Dunning-Kruger<\/a><\/h2>\n\n\t\t\t\t<div class=\"su-post-meta\">\n\t\t\t\t\tPubli\u00e9: mai 20, 2023\t\t\t\t<\/div>\n\n\t\t\t\t<div class=\"su-post-excerpt\">\n\t\t\t\t\t<p>L\u2019effet Dunning-Kruger, aussi appel\u00e9\u00a0effet de sur-confiance\u00a0est un\u00a0biais cognitif\u00a0selon lequel les moins qualifi\u00e9s dans un domaine surestiment leur\u00a0comp\u00e9tence. Cet effet vient<\/p>\n\t\t\t\t<\/div>\n\n\t\t\t\t\t\t\t\t\t<a href=\"https:\/\/lasstatistique.com\/?p=485#respond\" class=\"su-post-comments-link\">0 commentaire<\/a>\n\t\t\t\t\n\t\t\t<\/div>\n\n\t\t\t\t\t\n\t\t\t\n\t\t\t<div id=\"su-post-481\" class=\"su-post \">\n\n\t\t\t\t\t\t\t\t\t<a class=\"su-post-thumbnail\" href=\"https:\/\/lasstatistique.com\/?p=481\"><img loading=\"lazy\" decoding=\"async\" width=\"650\" height=\"900\" src=\"https:\/\/lasstatistique.com\/wp-content\/uploads\/2023\/05\/Berthe-e1688144040109.jpg\" class=\"attachment-post-thumbnail size-post-thumbnail wp-post-image\" alt=\"\" srcset=\"https:\/\/lasstatistique.com\/wp-content\/uploads\/2023\/05\/Berthe-e1688144040109.jpg 650w, https:\/\/lasstatistique.com\/wp-content\/uploads\/2023\/05\/Berthe-e1688144040109-217x300.jpg 217w\" sizes=\"auto, (max-width: 650px) 100vw, 650px\" \/><\/a>\n\t\t\t\t\n\t\t\t\t<h2 class=\"su-post-title\"><a href=\"https:\/\/lasstatistique.com\/?p=481\">Fin de la formation des ITS : Promotion 2020<\/a><\/h2>\n\n\t\t\t\t<div class=\"su-post-meta\">\n\t\t\t\t\tPubli\u00e9: mai 20, 2023\t\t\t\t<\/div>\n\n\t\t\t\t<div class=\"su-post-excerpt\">\n\t\t\t\t\t<p>Afin d\u2019avoir des dipl\u00f4mes pouvant \u00eatre reconnus sur le plan international, de nombreuses \u00e9coles r\u00e9forment leur syst\u00e8me conform\u00e9ment au syst\u00e8me<\/p>\n\t\t\t\t<\/div>\n\n\t\t\t\t\t\t\t\t\t<a href=\"https:\/\/lasstatistique.com\/?p=481#respond\" class=\"su-post-comments-link\">0 commentaire<\/a>\n\t\t\t\t\n\t\t\t<\/div>\n\n\t\t\t\t\t\n\t\t\t\n\t\t\t<div id=\"su-post-474\" class=\"su-post \">\n\n\t\t\t\t\t\t\t\t\t<a class=\"su-post-thumbnail\" href=\"https:\/\/lasstatistique.com\/?p=474\"><img loading=\"lazy\" decoding=\"async\" width=\"1287\" height=\"719\" src=\"https:\/\/lasstatistique.com\/wp-content\/uploads\/2023\/05\/presentation_redaction.jpg\" class=\"attachment-post-thumbnail size-post-thumbnail wp-post-image\" alt=\"\" srcset=\"https:\/\/lasstatistique.com\/wp-content\/uploads\/2023\/05\/presentation_redaction.jpg 1287w, https:\/\/lasstatistique.com\/wp-content\/uploads\/2023\/05\/presentation_redaction-300x168.jpg 300w, https:\/\/lasstatistique.com\/wp-content\/uploads\/2023\/05\/presentation_redaction-1024x572.jpg 1024w, https:\/\/lasstatistique.com\/wp-content\/uploads\/2023\/05\/presentation_redaction-768x429.jpg 768w\" sizes=\"auto, (max-width: 1287px) 100vw, 1287px\" \/><\/a>\n\t\t\t\t\n\t\t\t\t<h2 class=\"su-post-title\"><a href=\"https:\/\/lasstatistique.com\/?p=474\">R\u00e9daction d&rsquo;un Rapport ou M\u00e9moire<\/a><\/h2>\n\n\t\t\t\t<div class=\"su-post-meta\">\n\t\t\t\t\tPubli\u00e9: mai 20, 2023\t\t\t\t<\/div>\n\n\t\t\t\t<div class=\"su-post-excerpt\">\n\t\t\t\t\t<p>Dans un rapport d&rsquo;\u00e9tude ou m\u00e9moire, le jeune chercheur expose ses connaissances sur un sujet donn\u00e9 et les r\u00e9sultats de<\/p>\n\t\t\t\t<\/div>\n\n\t\t\t\t\t\t\t\t\t<a href=\"https:\/\/lasstatistique.com\/?p=474#respond\" class=\"su-post-comments-link\">0 commentaire<\/a>\n\t\t\t\t\n\t\t\t<\/div>\n\n\t\t\n\t\n<\/div>\n\n","protected":false},"excerpt":{"rendered":"","protected":false},"author":1,"featured_media":0,"parent":0,"menu_order":2,"comment_status":"closed","ping_status":"closed","template":"","meta":{"colormag_page_container_layout":"default_layout","colormag_page_sidebar_layout":"default_layout","footnotes":""},"class_list":["post-119","page","type-page","status-publish","hentry"],"yoast_head":"<!-- This site is optimized with the Yoast SEO plugin v27.3 - https:\/\/yoast.com\/product\/yoast-seo-wordpress\/ -->\n<title>Articles - LASStatistique<\/title>\n<meta name=\"robots\" content=\"index, follow, max-snippet:-1, max-image-preview:large, max-video-preview:-1\" \/>\n<link rel=\"canonical\" href=\"https:\/\/lasstatistique.com\/?page_id=119\" \/>\n<meta property=\"og:locale\" content=\"fr_FR\" \/>\n<meta property=\"og:type\" content=\"article\" \/>\n<meta property=\"og:title\" content=\"Articles - LASStatistique\" \/>\n<meta property=\"og:url\" content=\"https:\/\/lasstatistique.com\/?page_id=119\" \/>\n<meta property=\"og:site_name\" content=\"LASStatistique\" \/>\n<meta property=\"article:publisher\" content=\"https:\/\/www.facebook.com\/ASstatistique\/\" \/>\n<meta property=\"article:modified_time\" content=\"2023-09-21T09:43:51+00:00\" \/>\n<meta property=\"og:image\" content=\"https:\/\/lasstatistique.com\/wp-content\/uploads\/2023\/05\/LAS_presentation.png\" \/>\n\t<meta property=\"og:image:width\" content=\"1414\" \/>\n\t<meta property=\"og:image:height\" content=\"1999\" \/>\n\t<meta property=\"og:image:type\" content=\"image\/png\" \/>\n<meta name=\"twitter:card\" content=\"summary_large_image\" \/>\n<meta name=\"twitter:site\" content=\"@AsStatistique\" \/>\n<meta name=\"twitter:label1\" content=\"Dur\u00e9e de lecture estim\u00e9e\" \/>\n\t<meta name=\"twitter:data1\" content=\"1 minute\" \/>\n<script type=\"application\/ld+json\" class=\"yoast-schema-graph\">{\"@context\":\"https:\\\/\\\/schema.org\",\"@graph\":[{\"@type\":\"WebPage\",\"@id\":\"https:\\\/\\\/lasstatistique.com\\\/?page_id=119\",\"url\":\"https:\\\/\\\/lasstatistique.com\\\/?page_id=119\",\"name\":\"Articles - LASStatistique\",\"isPartOf\":{\"@id\":\"https:\\\/\\\/lasstatistique.com\\\/#website\"},\"datePublished\":\"2023-04-27T13:59:45+00:00\",\"dateModified\":\"2023-09-21T09:43:51+00:00\",\"breadcrumb\":{\"@id\":\"https:\\\/\\\/lasstatistique.com\\\/?page_id=119#breadcrumb\"},\"inLanguage\":\"fr-FR\",\"potentialAction\":[{\"@type\":\"ReadAction\",\"target\":[\"https:\\\/\\\/lasstatistique.com\\\/?page_id=119\"]}]},{\"@type\":\"BreadcrumbList\",\"@id\":\"https:\\\/\\\/lasstatistique.com\\\/?page_id=119#breadcrumb\",\"itemListElement\":[{\"@type\":\"ListItem\",\"position\":1,\"name\":\"Accueil\",\"item\":\"https:\\\/\\\/lasstatistique.com\\\/\"},{\"@type\":\"ListItem\",\"position\":2,\"name\":\"Articles\"}]},{\"@type\":\"WebSite\",\"@id\":\"https:\\\/\\\/lasstatistique.com\\\/#website\",\"url\":\"https:\\\/\\\/lasstatistique.com\\\/\",\"name\":\"LASStatistique\",\"description\":\"L&#039;AS Statistique\",\"publisher\":{\"@id\":\"https:\\\/\\\/lasstatistique.com\\\/#organization\"},\"potentialAction\":[{\"@type\":\"SearchAction\",\"target\":{\"@type\":\"EntryPoint\",\"urlTemplate\":\"https:\\\/\\\/lasstatistique.com\\\/?s={search_term_string}\"},\"query-input\":{\"@type\":\"PropertyValueSpecification\",\"valueRequired\":true,\"valueName\":\"search_term_string\"}}],\"inLanguage\":\"fr-FR\"},{\"@type\":\"Organization\",\"@id\":\"https:\\\/\\\/lasstatistique.com\\\/#organization\",\"name\":\"L'AS STATISTIQUE\",\"alternateName\":\"lasstatistique\",\"url\":\"https:\\\/\\\/lasstatistique.com\\\/\",\"logo\":{\"@type\":\"ImageObject\",\"inLanguage\":\"fr-FR\",\"@id\":\"https:\\\/\\\/lasstatistique.com\\\/#\\\/schema\\\/logo\\\/image\\\/\",\"url\":\"https:\\\/\\\/lasstatistique.com\\\/wp-content\\\/uploads\\\/2023\\\/06\\\/cropped-logoAS-removebg-preview.png\",\"contentUrl\":\"https:\\\/\\\/lasstatistique.com\\\/wp-content\\\/uploads\\\/2023\\\/06\\\/cropped-logoAS-removebg-preview.png\",\"width\":500,\"height\":245,\"caption\":\"L'AS STATISTIQUE\"},\"image\":{\"@id\":\"https:\\\/\\\/lasstatistique.com\\\/#\\\/schema\\\/logo\\\/image\\\/\"},\"sameAs\":[\"https:\\\/\\\/www.facebook.com\\\/ASstatistique\\\/\",\"https:\\\/\\\/x.com\\\/AsStatistique\",\"https:\\\/\\\/www.linkedin.com\\\/company\\\/l-as\\\/\"]}]}<\/script>\n<!-- \/ Yoast SEO plugin. -->","yoast_head_json":{"title":"Articles - LASStatistique","robots":{"index":"index","follow":"follow","max-snippet":"max-snippet:-1","max-image-preview":"max-image-preview:large","max-video-preview":"max-video-preview:-1"},"canonical":"https:\/\/lasstatistique.com\/?page_id=119","og_locale":"fr_FR","og_type":"article","og_title":"Articles - LASStatistique","og_url":"https:\/\/lasstatistique.com\/?page_id=119","og_site_name":"LASStatistique","article_publisher":"https:\/\/www.facebook.com\/ASstatistique\/","article_modified_time":"2023-09-21T09:43:51+00:00","og_image":[{"width":1414,"height":1999,"url":"https:\/\/lasstatistique.com\/wp-content\/uploads\/2023\/05\/LAS_presentation.png","type":"image\/png"}],"twitter_card":"summary_large_image","twitter_site":"@AsStatistique","twitter_misc":{"Dur\u00e9e de lecture estim\u00e9e":"1 minute"},"schema":{"@context":"https:\/\/schema.org","@graph":[{"@type":"WebPage","@id":"https:\/\/lasstatistique.com\/?page_id=119","url":"https:\/\/lasstatistique.com\/?page_id=119","name":"Articles - LASStatistique","isPartOf":{"@id":"https:\/\/lasstatistique.com\/#website"},"datePublished":"2023-04-27T13:59:45+00:00","dateModified":"2023-09-21T09:43:51+00:00","breadcrumb":{"@id":"https:\/\/lasstatistique.com\/?page_id=119#breadcrumb"},"inLanguage":"fr-FR","potentialAction":[{"@type":"ReadAction","target":["https:\/\/lasstatistique.com\/?page_id=119"]}]},{"@type":"BreadcrumbList","@id":"https:\/\/lasstatistique.com\/?page_id=119#breadcrumb","itemListElement":[{"@type":"ListItem","position":1,"name":"Accueil","item":"https:\/\/lasstatistique.com\/"},{"@type":"ListItem","position":2,"name":"Articles"}]},{"@type":"WebSite","@id":"https:\/\/lasstatistique.com\/#website","url":"https:\/\/lasstatistique.com\/","name":"LASStatistique","description":"L&#039;AS Statistique","publisher":{"@id":"https:\/\/lasstatistique.com\/#organization"},"potentialAction":[{"@type":"SearchAction","target":{"@type":"EntryPoint","urlTemplate":"https:\/\/lasstatistique.com\/?s={search_term_string}"},"query-input":{"@type":"PropertyValueSpecification","valueRequired":true,"valueName":"search_term_string"}}],"inLanguage":"fr-FR"},{"@type":"Organization","@id":"https:\/\/lasstatistique.com\/#organization","name":"L'AS STATISTIQUE","alternateName":"lasstatistique","url":"https:\/\/lasstatistique.com\/","logo":{"@type":"ImageObject","inLanguage":"fr-FR","@id":"https:\/\/lasstatistique.com\/#\/schema\/logo\/image\/","url":"https:\/\/lasstatistique.com\/wp-content\/uploads\/2023\/06\/cropped-logoAS-removebg-preview.png","contentUrl":"https:\/\/lasstatistique.com\/wp-content\/uploads\/2023\/06\/cropped-logoAS-removebg-preview.png","width":500,"height":245,"caption":"L'AS STATISTIQUE"},"image":{"@id":"https:\/\/lasstatistique.com\/#\/schema\/logo\/image\/"},"sameAs":["https:\/\/www.facebook.com\/ASstatistique\/","https:\/\/x.com\/AsStatistique","https:\/\/www.linkedin.com\/company\/l-as\/"]}]}},"_links":{"self":[{"href":"https:\/\/lasstatistique.com\/index.php?rest_route=\/wp\/v2\/pages\/119","targetHints":{"allow":["GET"]}}],"collection":[{"href":"https:\/\/lasstatistique.com\/index.php?rest_route=\/wp\/v2\/pages"}],"about":[{"href":"https:\/\/lasstatistique.com\/index.php?rest_route=\/wp\/v2\/types\/page"}],"author":[{"embeddable":true,"href":"https:\/\/lasstatistique.com\/index.php?rest_route=\/wp\/v2\/users\/1"}],"replies":[{"embeddable":true,"href":"https:\/\/lasstatistique.com\/index.php?rest_route=%2Fwp%2Fv2%2Fcomments&post=119"}],"version-history":[{"count":5,"href":"https:\/\/lasstatistique.com\/index.php?rest_route=\/wp\/v2\/pages\/119\/revisions"}],"predecessor-version":[{"id":706,"href":"https:\/\/lasstatistique.com\/index.php?rest_route=\/wp\/v2\/pages\/119\/revisions\/706"}],"wp:attachment":[{"href":"https:\/\/lasstatistique.com\/index.php?rest_route=%2Fwp%2Fv2%2Fmedia&parent=119"}],"curies":[{"name":"wp","href":"https:\/\/api.w.org\/{rel}","templated":true}]}}