{"id":271,"date":"2023-05-08T13:42:07","date_gmt":"2023-05-08T13:42:07","guid":{"rendered":"http:\/\/localhost\/AS\/?page_id=271"},"modified":"2023-09-14T02:17:23","modified_gmt":"2023-09-14T02:17:23","slug":"flux-rss-de-las-statistique","status":"publish","type":"page","link":"https:\/\/lasstatistique.com\/?page_id=271","title":{"rendered":"Flux RSS de L&rsquo;AS Statistique"},"content":{"rendered":"\r\n<p>&nbsp;<\/p>\r\n\r\n\r\n\r\n<h2 class=\"wp-block-heading\">Conditions d\u2019utilisation<\/h2>\r\n\r\n\r\n\r\n<p>L\u2019utilisation des flux RSS de L&rsquo; AS Statistique est r\u00e9serv\u00e9e \u00e0 un usage strictement personnel, non professionnel et non collectif. Toute autre exploitation doit faire l\u2019objet d\u2019une autorisation et donner lieu au versement d\u2019une r\u00e9mun\u00e9ration. Contact : &#8230;@..com<\/p>\r\n\r\n\r\n\r\n<h2 class=\"wp-block-heading\">Qu\u2019est qu\u2019un flux RSS?<\/h2>\r\n\r\n\r\n\r\n<p>Les flux RSS sont des fils de contenus. Chaque flux correspond \u00e0 une rubrique ou une sous-rubrique du site. En vous abonnant \u00e0 un flux, vous recevrez automatiquement le titre, r\u00e9sum\u00e9 et URL des derniers articles publi\u00e9s.<\/p>\r\n\r\n\r\n\r\n<h2 class=\"wp-block-heading\">Comment utiliser les flux RSS ?<\/h2>\r\n\r\n\r\n\r\n<p>Pour pouvoir utiliser les flux RSS, plusieurs solutions existent. Vous pouvez utiliser un aggr\u00e9gateur de flux, via un site web ou une application mobile, comme FlipBoard, Feedly, Netvibes, Inoreader ou encore NewsBlur. Alternativament, un lecteur RSS peut \u00eatre install\u00e9 directement sur votre navigateur web.<\/p>\r\n\r\n\r\n\r\n<h2 class=\"wp-block-heading\">Pourquoi utiliser des flux RSS?<\/h2>\r\n\r\n\r\n\r\n<p>Les flux RSS permettent de s\u2019abonner \u00e0 vos rubriques pr\u00e9f\u00e9r\u00e9es. Vous pouvez utiliser autant de flux RSS que vous le souhaitez. Vous recevrez de mani\u00e8re regroup\u00e9e et automatique les derniers contenus de vos rubriques favorites.<\/p>\r\n\r\n\r\n\r\n<h2 class=\"wp-block-heading\">Nos principaux flux<\/h2>\r\n\r\n\r\n\r\n<p><a href=\"https:\/\/lasstatistique.com\/?page_id=40\/feed\">Actualit\u00e9s Innovation<\/a><\/p>\r\n\r\n\r\n\r\n<p><a href=\"https:\/\/lasstatistique.com\/?page_id=40\/feed\" target=\"_blank\" rel=\"noreferrer noopener\">Actualit\u00e9s \u00e9ducation<\/a><\/p>\r\n\r\n\r\n\r\n<p><a href=\"https:\/\/lasstatistique.com\/?page_id=40\/feed\" target=\"_blank\" rel=\"noreferrer noopener\">Actualit\u00e9s Recherche<\/a><\/p>\r\n","protected":false},"excerpt":{"rendered":"<p>&nbsp; Conditions d\u2019utilisation L\u2019utilisation des flux RSS de L&rsquo; AS Statistique est r\u00e9serv\u00e9e \u00e0 un usage strictement personnel, non professionnel<\/p>\n","protected":false},"author":1,"featured_media":0,"parent":0,"menu_order":0,"comment_status":"closed","ping_status":"closed","template":"","meta":{"colormag_page_container_layout":"default_layout","colormag_page_sidebar_layout":"default_layout","footnotes":""},"class_list":["post-271","page","type-page","status-publish","hentry"],"yoast_head":"<!-- This site is optimized with the Yoast SEO plugin v27.3 - https:\/\/yoast.com\/product\/yoast-seo-wordpress\/ -->\n<title>Flux RSS de L&#039;AS Statistique - LASStatistique<\/title>\n<meta name=\"robots\" content=\"index, follow, max-snippet:-1, max-image-preview:large, max-video-preview:-1\" \/>\n<link rel=\"canonical\" href=\"https:\/\/lasstatistique.com\/?page_id=271\" \/>\n<meta property=\"og:locale\" content=\"fr_FR\" \/>\n<meta property=\"og:type\" content=\"article\" \/>\n<meta property=\"og:title\" content=\"Flux RSS de L&#039;AS Statistique - LASStatistique\" \/>\n<meta property=\"og:description\" content=\"&nbsp; Conditions d\u2019utilisation L\u2019utilisation des flux RSS de L&rsquo; AS Statistique est r\u00e9serv\u00e9e \u00e0 un usage strictement personnel, non professionnel\" \/>\n<meta property=\"og:url\" content=\"https:\/\/lasstatistique.com\/?page_id=271\" \/>\n<meta property=\"og:site_name\" content=\"LASStatistique\" \/>\n<meta property=\"article:publisher\" content=\"https:\/\/www.facebook.com\/ASstatistique\/\" \/>\n<meta property=\"article:modified_time\" content=\"2023-09-14T02:17:23+00:00\" \/>\n<meta property=\"og:image\" content=\"https:\/\/lasstatistique.com\/wp-content\/uploads\/2023\/05\/LAS_presentation.png\" \/>\n\t<meta property=\"og:image:width\" content=\"1414\" \/>\n\t<meta property=\"og:image:height\" content=\"1999\" \/>\n\t<meta property=\"og:image:type\" content=\"image\/png\" \/>\n<meta name=\"twitter:card\" content=\"summary_large_image\" \/>\n<meta name=\"twitter:site\" content=\"@AsStatistique\" \/>\n<meta name=\"twitter:label1\" content=\"Dur\u00e9e de lecture estim\u00e9e\" \/>\n\t<meta name=\"twitter:data1\" content=\"1 minute\" \/>\n<script type=\"application\/ld+json\" class=\"yoast-schema-graph\">{\"@context\":\"https:\\\/\\\/schema.org\",\"@graph\":[{\"@type\":\"WebPage\",\"@id\":\"https:\\\/\\\/lasstatistique.com\\\/?page_id=271\",\"url\":\"https:\\\/\\\/lasstatistique.com\\\/?page_id=271\",\"name\":\"Flux RSS de L'AS Statistique - LASStatistique\",\"isPartOf\":{\"@id\":\"https:\\\/\\\/lasstatistique.com\\\/#website\"},\"datePublished\":\"2023-05-08T13:42:07+00:00\",\"dateModified\":\"2023-09-14T02:17:23+00:00\",\"breadcrumb\":{\"@id\":\"https:\\\/\\\/lasstatistique.com\\\/?page_id=271#breadcrumb\"},\"inLanguage\":\"fr-FR\",\"potentialAction\":[{\"@type\":\"ReadAction\",\"target\":[\"https:\\\/\\\/lasstatistique.com\\\/?page_id=271\"]}]},{\"@type\":\"BreadcrumbList\",\"@id\":\"https:\\\/\\\/lasstatistique.com\\\/?page_id=271#breadcrumb\",\"itemListElement\":[{\"@type\":\"ListItem\",\"position\":1,\"name\":\"Accueil\",\"item\":\"https:\\\/\\\/lasstatistique.com\\\/\"},{\"@type\":\"ListItem\",\"position\":2,\"name\":\"Flux RSS de L&#8217;AS Statistique\"}]},{\"@type\":\"WebSite\",\"@id\":\"https:\\\/\\\/lasstatistique.com\\\/#website\",\"url\":\"https:\\\/\\\/lasstatistique.com\\\/\",\"name\":\"LASStatistique\",\"description\":\"L&#039;AS Statistique\",\"publisher\":{\"@id\":\"https:\\\/\\\/lasstatistique.com\\\/#organization\"},\"potentialAction\":[{\"@type\":\"SearchAction\",\"target\":{\"@type\":\"EntryPoint\",\"urlTemplate\":\"https:\\\/\\\/lasstatistique.com\\\/?s={search_term_string}\"},\"query-input\":{\"@type\":\"PropertyValueSpecification\",\"valueRequired\":true,\"valueName\":\"search_term_string\"}}],\"inLanguage\":\"fr-FR\"},{\"@type\":\"Organization\",\"@id\":\"https:\\\/\\\/lasstatistique.com\\\/#organization\",\"name\":\"L'AS STATISTIQUE\",\"alternateName\":\"lasstatistique\",\"url\":\"https:\\\/\\\/lasstatistique.com\\\/\",\"logo\":{\"@type\":\"ImageObject\",\"inLanguage\":\"fr-FR\",\"@id\":\"https:\\\/\\\/lasstatistique.com\\\/#\\\/schema\\\/logo\\\/image\\\/\",\"url\":\"https:\\\/\\\/lasstatistique.com\\\/wp-content\\\/uploads\\\/2023\\\/06\\\/cropped-logoAS-removebg-preview.png\",\"contentUrl\":\"https:\\\/\\\/lasstatistique.com\\\/wp-content\\\/uploads\\\/2023\\\/06\\\/cropped-logoAS-removebg-preview.png\",\"width\":500,\"height\":245,\"caption\":\"L'AS STATISTIQUE\"},\"image\":{\"@id\":\"https:\\\/\\\/lasstatistique.com\\\/#\\\/schema\\\/logo\\\/image\\\/\"},\"sameAs\":[\"https:\\\/\\\/www.facebook.com\\\/ASstatistique\\\/\",\"https:\\\/\\\/x.com\\\/AsStatistique\",\"https:\\\/\\\/www.linkedin.com\\\/company\\\/l-as\\\/\"]}]}<\/script>\n<!-- \/ Yoast SEO plugin. -->","yoast_head_json":{"title":"Flux RSS de L'AS Statistique - LASStatistique","robots":{"index":"index","follow":"follow","max-snippet":"max-snippet:-1","max-image-preview":"max-image-preview:large","max-video-preview":"max-video-preview:-1"},"canonical":"https:\/\/lasstatistique.com\/?page_id=271","og_locale":"fr_FR","og_type":"article","og_title":"Flux RSS de L'AS Statistique - LASStatistique","og_description":"&nbsp; Conditions d\u2019utilisation L\u2019utilisation des flux RSS de L&rsquo; AS Statistique est r\u00e9serv\u00e9e \u00e0 un usage strictement personnel, non professionnel","og_url":"https:\/\/lasstatistique.com\/?page_id=271","og_site_name":"LASStatistique","article_publisher":"https:\/\/www.facebook.com\/ASstatistique\/","article_modified_time":"2023-09-14T02:17:23+00:00","og_image":[{"width":1414,"height":1999,"url":"https:\/\/lasstatistique.com\/wp-content\/uploads\/2023\/05\/LAS_presentation.png","type":"image\/png"}],"twitter_card":"summary_large_image","twitter_site":"@AsStatistique","twitter_misc":{"Dur\u00e9e de lecture estim\u00e9e":"1 minute"},"schema":{"@context":"https:\/\/schema.org","@graph":[{"@type":"WebPage","@id":"https:\/\/lasstatistique.com\/?page_id=271","url":"https:\/\/lasstatistique.com\/?page_id=271","name":"Flux RSS de L'AS Statistique - LASStatistique","isPartOf":{"@id":"https:\/\/lasstatistique.com\/#website"},"datePublished":"2023-05-08T13:42:07+00:00","dateModified":"2023-09-14T02:17:23+00:00","breadcrumb":{"@id":"https:\/\/lasstatistique.com\/?page_id=271#breadcrumb"},"inLanguage":"fr-FR","potentialAction":[{"@type":"ReadAction","target":["https:\/\/lasstatistique.com\/?page_id=271"]}]},{"@type":"BreadcrumbList","@id":"https:\/\/lasstatistique.com\/?page_id=271#breadcrumb","itemListElement":[{"@type":"ListItem","position":1,"name":"Accueil","item":"https:\/\/lasstatistique.com\/"},{"@type":"ListItem","position":2,"name":"Flux RSS de L&#8217;AS Statistique"}]},{"@type":"WebSite","@id":"https:\/\/lasstatistique.com\/#website","url":"https:\/\/lasstatistique.com\/","name":"LASStatistique","description":"L&#039;AS Statistique","publisher":{"@id":"https:\/\/lasstatistique.com\/#organization"},"potentialAction":[{"@type":"SearchAction","target":{"@type":"EntryPoint","urlTemplate":"https:\/\/lasstatistique.com\/?s={search_term_string}"},"query-input":{"@type":"PropertyValueSpecification","valueRequired":true,"valueName":"search_term_string"}}],"inLanguage":"fr-FR"},{"@type":"Organization","@id":"https:\/\/lasstatistique.com\/#organization","name":"L'AS STATISTIQUE","alternateName":"lasstatistique","url":"https:\/\/lasstatistique.com\/","logo":{"@type":"ImageObject","inLanguage":"fr-FR","@id":"https:\/\/lasstatistique.com\/#\/schema\/logo\/image\/","url":"https:\/\/lasstatistique.com\/wp-content\/uploads\/2023\/06\/cropped-logoAS-removebg-preview.png","contentUrl":"https:\/\/lasstatistique.com\/wp-content\/uploads\/2023\/06\/cropped-logoAS-removebg-preview.png","width":500,"height":245,"caption":"L'AS STATISTIQUE"},"image":{"@id":"https:\/\/lasstatistique.com\/#\/schema\/logo\/image\/"},"sameAs":["https:\/\/www.facebook.com\/ASstatistique\/","https:\/\/x.com\/AsStatistique","https:\/\/www.linkedin.com\/company\/l-as\/"]}]}},"_links":{"self":[{"href":"https:\/\/lasstatistique.com\/index.php?rest_route=\/wp\/v2\/pages\/271","targetHints":{"allow":["GET"]}}],"collection":[{"href":"https:\/\/lasstatistique.com\/index.php?rest_route=\/wp\/v2\/pages"}],"about":[{"href":"https:\/\/lasstatistique.com\/index.php?rest_route=\/wp\/v2\/types\/page"}],"author":[{"embeddable":true,"href":"https:\/\/lasstatistique.com\/index.php?rest_route=\/wp\/v2\/users\/1"}],"replies":[{"embeddable":true,"href":"https:\/\/lasstatistique.com\/index.php?rest_route=%2Fwp%2Fv2%2Fcomments&post=271"}],"version-history":[{"count":4,"href":"https:\/\/lasstatistique.com\/index.php?rest_route=\/wp\/v2\/pages\/271\/revisions"}],"predecessor-version":[{"id":671,"href":"https:\/\/lasstatistique.com\/index.php?rest_route=\/wp\/v2\/pages\/271\/revisions\/671"}],"wp:attachment":[{"href":"https:\/\/lasstatistique.com\/index.php?rest_route=%2Fwp%2Fv2%2Fmedia&parent=271"}],"curies":[{"name":"wp","href":"https:\/\/api.w.org\/{rel}","templated":true}]}}